{"id":50,"date":"2025-11-14T12:28:48","date_gmt":"2025-11-14T11:28:48","guid":{"rendered":"https:\/\/radcazopola.pl\/?page_id=50"},"modified":"2026-01-22T12:47:48","modified_gmt":"2026-01-22T11:47:48","slug":"kontakt","status":"publish","type":"page","link":"https:\/\/radcazopola.pl\/?page_id=50","title":{"rendered":"Kontakt"},"content":{"rendered":"\n\n","protected":false},"excerpt":{"rendered":"","protected":false},"author":1,"featured_media":0,"parent":0,"menu_order":0,"comment_status":"closed","ping_status":"closed","template":"page-kontakt","meta":{"saved_in_kubio":true,"om_disable_all_campaigns":false,"_monsterinsights_skip_tracking":false,"_monsterinsights_sitenote_active":false,"_monsterinsights_sitenote_note":"","_monsterinsights_sitenote_category":0,"footnotes":""},"class_list":["post-50","page","type-page","status-publish","hentry"],"kubio_ai_page_context":{"short_desc":"Je\u015bli potrzebujesz pomocy lub porady prawnej, jeste\u015bmy tutaj, aby Ci pom\u00f3c. Nasza firma \u015bwiadczy pe\u0142en zakres us\u0142ug prawnych w r\u00f3\u017cnych dziedzinach prawa.\n\n+48 515 747 079\nalina.lauterbach@radcazopola.pl\n1 Maja 53\/lok.13, 45-069 Opole","purpose":"contact","isFrontPage":false},"yoast_head":"<!-- This site is optimized with the Yoast SEO plugin v26.3 - https:\/\/yoast.com\/wordpress\/plugins\/seo\/ -->\n<title>Kontakt - Kancelaria Radcy Prawnego - Alina Lauterbach<\/title>\n<meta name=\"robots\" content=\"index, follow, max-snippet:-1, max-image-preview:large, max-video-preview:-1\" \/>\n<link rel=\"canonical\" href=\"https:\/\/radcazopola.pl\/?page_id=50\" \/>\n<meta property=\"og:locale\" content=\"en_US\" \/>\n<meta property=\"og:type\" content=\"article\" \/>\n<meta property=\"og:title\" content=\"Kontakt - Kancelaria Radcy Prawnego - Alina Lauterbach\" \/>\n<meta property=\"og:url\" content=\"https:\/\/radcazopola.pl\/?page_id=50\" \/>\n<meta property=\"og:site_name\" content=\"Kancelaria Radcy Prawnego - Alina Lauterbach\" \/>\n<meta property=\"article:modified_time\" content=\"2026-01-22T11:47:48+00:00\" \/>\n<script type=\"application\/ld+json\" class=\"yoast-schema-graph\">{\"@context\":\"https:\/\/schema.org\",\"@graph\":[{\"@type\":\"WebPage\",\"@id\":\"https:\/\/radcazopola.pl\/?page_id=50\",\"url\":\"https:\/\/radcazopola.pl\/?page_id=50\",\"name\":\"Kontakt - Kancelaria Radcy Prawnego - Alina Lauterbach\",\"isPartOf\":{\"@id\":\"http:\/\/radcazopola.pl\/#website\"},\"datePublished\":\"2025-11-14T11:28:48+00:00\",\"dateModified\":\"2026-01-22T11:47:48+00:00\",\"breadcrumb\":{\"@id\":\"https:\/\/radcazopola.pl\/?page_id=50#breadcrumb\"},\"inLanguage\":\"en-US\",\"potentialAction\":[{\"@type\":\"ReadAction\",\"target\":[\"https:\/\/radcazopola.pl\/?page_id=50\"]}]},{\"@type\":\"BreadcrumbList\",\"@id\":\"https:\/\/radcazopola.pl\/?page_id=50#breadcrumb\",\"itemListElement\":[{\"@type\":\"ListItem\",\"position\":1,\"name\":\"Home\",\"item\":\"http:\/\/radcazopola.pl\/\"},{\"@type\":\"ListItem\",\"position\":2,\"name\":\"Kontakt\"}]},{\"@type\":\"WebSite\",\"@id\":\"http:\/\/radcazopola.pl\/#website\",\"url\":\"http:\/\/radcazopola.pl\/\",\"name\":\"Kancelaria Radcy Prawnego - Alina Lauterbach\",\"description\":\"\",\"publisher\":{\"@id\":\"http:\/\/radcazopola.pl\/#organization\"},\"potentialAction\":[{\"@type\":\"SearchAction\",\"target\":{\"@type\":\"EntryPoint\",\"urlTemplate\":\"http:\/\/radcazopola.pl\/?s={search_term_string}\"},\"query-input\":{\"@type\":\"PropertyValueSpecification\",\"valueRequired\":true,\"valueName\":\"search_term_string\"}}],\"inLanguage\":\"en-US\"},{\"@type\":\"Organization\",\"@id\":\"http:\/\/radcazopola.pl\/#organization\",\"name\":\"Kancelaria Radcy Prawnego - Alina Lauterbach\",\"url\":\"http:\/\/radcazopola.pl\/\",\"logo\":{\"@type\":\"ImageObject\",\"inLanguage\":\"en-US\",\"@id\":\"http:\/\/radcazopola.pl\/#\/schema\/logo\/image\/\",\"url\":\"https:\/\/radcazopola.pl\/wp-content\/uploads\/2025\/12\/senseed-2-1.png\",\"contentUrl\":\"https:\/\/radcazopola.pl\/wp-content\/uploads\/2025\/12\/senseed-2-1.png\",\"width\":500,\"height\":500,\"caption\":\"Kancelaria Radcy Prawnego - Alina Lauterbach \"},\"image\":{\"@id\":\"http:\/\/radcazopola.pl\/#\/schema\/logo\/image\/\"}}]}<\/script>\n<!-- \/ Yoast SEO plugin. -->","yoast_head_json":{"title":"Kontakt - Kancelaria Radcy Prawnego - Alina Lauterbach","robots":{"index":"index","follow":"follow","max-snippet":"max-snippet:-1","max-image-preview":"max-image-preview:large","max-video-preview":"max-video-preview:-1"},"canonical":"https:\/\/radcazopola.pl\/?page_id=50","og_locale":"en_US","og_type":"article","og_title":"Kontakt - Kancelaria Radcy Prawnego - Alina Lauterbach","og_url":"https:\/\/radcazopola.pl\/?page_id=50","og_site_name":"Kancelaria Radcy Prawnego - Alina Lauterbach","article_modified_time":"2026-01-22T11:47:48+00:00","schema":{"@context":"https:\/\/schema.org","@graph":[{"@type":"WebPage","@id":"https:\/\/radcazopola.pl\/?page_id=50","url":"https:\/\/radcazopola.pl\/?page_id=50","name":"Kontakt - Kancelaria Radcy Prawnego - Alina Lauterbach","isPartOf":{"@id":"http:\/\/radcazopola.pl\/#website"},"datePublished":"2025-11-14T11:28:48+00:00","dateModified":"2026-01-22T11:47:48+00:00","breadcrumb":{"@id":"https:\/\/radcazopola.pl\/?page_id=50#breadcrumb"},"inLanguage":"en-US","potentialAction":[{"@type":"ReadAction","target":["https:\/\/radcazopola.pl\/?page_id=50"]}]},{"@type":"BreadcrumbList","@id":"https:\/\/radcazopola.pl\/?page_id=50#breadcrumb","itemListElement":[{"@type":"ListItem","position":1,"name":"Home","item":"http:\/\/radcazopola.pl\/"},{"@type":"ListItem","position":2,"name":"Kontakt"}]},{"@type":"WebSite","@id":"http:\/\/radcazopola.pl\/#website","url":"http:\/\/radcazopola.pl\/","name":"Kancelaria Radcy Prawnego - Alina Lauterbach","description":"","publisher":{"@id":"http:\/\/radcazopola.pl\/#organization"},"potentialAction":[{"@type":"SearchAction","target":{"@type":"EntryPoint","urlTemplate":"http:\/\/radcazopola.pl\/?s={search_term_string}"},"query-input":{"@type":"PropertyValueSpecification","valueRequired":true,"valueName":"search_term_string"}}],"inLanguage":"en-US"},{"@type":"Organization","@id":"http:\/\/radcazopola.pl\/#organization","name":"Kancelaria Radcy Prawnego - Alina Lauterbach","url":"http:\/\/radcazopola.pl\/","logo":{"@type":"ImageObject","inLanguage":"en-US","@id":"http:\/\/radcazopola.pl\/#\/schema\/logo\/image\/","url":"https:\/\/radcazopola.pl\/wp-content\/uploads\/2025\/12\/senseed-2-1.png","contentUrl":"https:\/\/radcazopola.pl\/wp-content\/uploads\/2025\/12\/senseed-2-1.png","width":500,"height":500,"caption":"Kancelaria Radcy Prawnego - Alina Lauterbach "},"image":{"@id":"http:\/\/radcazopola.pl\/#\/schema\/logo\/image\/"}}]}},"_links":{"self":[{"href":"https:\/\/radcazopola.pl\/index.php?rest_route=\/wp\/v2\/pages\/50","targetHints":{"allow":["GET"]}}],"collection":[{"href":"https:\/\/radcazopola.pl\/index.php?rest_route=\/wp\/v2\/pages"}],"about":[{"href":"https:\/\/radcazopola.pl\/index.php?rest_route=\/wp\/v2\/types\/page"}],"author":[{"embeddable":true,"href":"https:\/\/radcazopola.pl\/index.php?rest_route=\/wp\/v2\/users\/1"}],"replies":[{"embeddable":true,"href":"https:\/\/radcazopola.pl\/index.php?rest_route=%2Fwp%2Fv2%2Fcomments&post=50"}],"version-history":[{"count":1,"href":"https:\/\/radcazopola.pl\/index.php?rest_route=\/wp\/v2\/pages\/50\/revisions"}],"predecessor-version":[{"id":296,"href":"https:\/\/radcazopola.pl\/index.php?rest_route=\/wp\/v2\/pages\/50\/revisions\/296"}],"wp:attachment":[{"href":"https:\/\/radcazopola.pl\/index.php?rest_route=%2Fwp%2Fv2%2Fmedia&parent=50"}],"curies":[{"name":"wp","href":"https:\/\/api.w.org\/{rel}","templated":true}]}}