{"id":24,"date":"2025-11-14T12:26:30","date_gmt":"2025-11-14T11:26:30","guid":{"rendered":"https:\/\/radcazopola.pl\/?page_id=24"},"modified":"2026-01-22T11:34:43","modified_gmt":"2026-01-22T10:34:43","slug":"alina-lauterbach-prawnik-radca-prawny-opole","status":"publish","type":"page","link":"https:\/\/radcazopola.pl\/","title":{"rendered":"Strona g\u0142\u00f3wna"},"content":{"rendered":"\n\n\n\n\n\n\n\n\n\n\n\n\n\n\n\n\n\n","protected":false},"excerpt":{"rendered":"","protected":false},"author":1,"featured_media":14,"parent":48,"menu_order":0,"comment_status":"closed","ping_status":"closed","template":"","meta":{"saved_in_kubio":true,"om_disable_all_campaigns":false,"_monsterinsights_skip_tracking":false,"_monsterinsights_sitenote_active":false,"_monsterinsights_sitenote_note":"","_monsterinsights_sitenote_category":0,"footnotes":""},"class_list":["post-24","page","type-page","status-publish","has-post-thumbnail","hentry"],"kubio_ai_page_context":{"short_desc":"","purpose":"general","isFrontPage":true},"yoast_head":"<!-- This site is optimized with the Yoast SEO plugin v26.3 - https:\/\/yoast.com\/wordpress\/plugins\/seo\/ -->\n<title>Strona g\u0142\u00f3wna - Kancelaria Radcy Prawnego - Alina Lauterbach<\/title>\n<meta name=\"description\" content=\"Prawnik z Opola \u2013 radca prawny dla os\u00f3b prywatnych i firm. Sprawy rodzinne, cywilne, pracownicze, obs\u0142uPrawnik w Opolu \u2013 radca prawny dla os\u00f3b prywatnych i firm. Rozwody, spadki, umowy, prawo pracy, ZUS, obs\u0142uga biznesu. Konsultacja 30 min \u2013 150 z\u0142. Sprawd\u017a, jak mog\u0119 pom\u00f3c.ga biznesu. Pierwsza konsultacja 150 z\u0142. Um\u00f3w si\u0119.\" \/>\n<meta name=\"robots\" content=\"index, follow, max-snippet:-1, max-image-preview:large, max-video-preview:-1\" \/>\n<link rel=\"canonical\" href=\"http:\/\/radcazopola.pl\/\" \/>\n<meta property=\"og:locale\" content=\"en_US\" \/>\n<meta property=\"og:type\" content=\"article\" \/>\n<meta property=\"og:title\" content=\"Strona g\u0142\u00f3wna - Kancelaria Radcy Prawnego - Alina Lauterbach\" \/>\n<meta property=\"og:description\" content=\"Prawnik z Opola \u2013 radca prawny dla os\u00f3b prywatnych i firm. Sprawy rodzinne, cywilne, pracownicze, obs\u0142uPrawnik w Opolu \u2013 radca prawny dla os\u00f3b prywatnych i firm. Rozwody, spadki, umowy, prawo pracy, ZUS, obs\u0142uga biznesu. Konsultacja 30 min \u2013 150 z\u0142. Sprawd\u017a, jak mog\u0119 pom\u00f3c.ga biznesu. Pierwsza konsultacja 150 z\u0142. Um\u00f3w si\u0119.\" \/>\n<meta property=\"og:url\" content=\"http:\/\/radcazopola.pl\/\" \/>\n<meta property=\"og:site_name\" content=\"Kancelaria Radcy Prawnego - Alina Lauterbach\" \/>\n<meta property=\"article:modified_time\" content=\"2026-01-22T10:34:43+00:00\" \/>\n<meta property=\"og:image\" content=\"http:\/\/radcazopola.pl\/wp-content\/uploads\/2025\/11\/senseed-1.png\" \/>\n\t<meta property=\"og:image:width\" content=\"375\" \/>\n\t<meta property=\"og:image:height\" content=\"375\" \/>\n\t<meta property=\"og:image:type\" content=\"image\/png\" \/>\n<meta name=\"twitter:label1\" content=\"Est. reading time\" \/>\n\t<meta name=\"twitter:data1\" content=\"1 minute\" \/>\n<script type=\"application\/ld+json\" class=\"yoast-schema-graph\">{\"@context\":\"https:\/\/schema.org\",\"@graph\":[{\"@type\":\"WebPage\",\"@id\":\"http:\/\/radcazopola.pl\/\",\"url\":\"http:\/\/radcazopola.pl\/\",\"name\":\"Strona g\u0142\u00f3wna - Kancelaria Radcy Prawnego - Alina Lauterbach\",\"isPartOf\":{\"@id\":\"http:\/\/radcazopola.pl\/#website\"},\"primaryImageOfPage\":{\"@id\":\"http:\/\/radcazopola.pl\/#primaryimage\"},\"image\":{\"@id\":\"http:\/\/radcazopola.pl\/#primaryimage\"},\"thumbnailUrl\":\"https:\/\/radcazopola.pl\/wp-content\/uploads\/2025\/11\/senseed-1.png\",\"datePublished\":\"2025-11-14T11:26:30+00:00\",\"dateModified\":\"2026-01-22T10:34:43+00:00\",\"description\":\"Prawnik z Opola \u2013 radca prawny dla os\u00f3b prywatnych i firm. Sprawy rodzinne, cywilne, pracownicze, obs\u0142uPrawnik w Opolu \u2013 radca prawny dla os\u00f3b prywatnych i firm. Rozwody, spadki, umowy, prawo pracy, ZUS, obs\u0142uga biznesu. Konsultacja 30 min \u2013 150 z\u0142. Sprawd\u017a, jak mog\u0119 pom\u00f3c.ga biznesu. Pierwsza konsultacja 150 z\u0142. Um\u00f3w si\u0119.\",\"breadcrumb\":{\"@id\":\"http:\/\/radcazopola.pl\/#breadcrumb\"},\"inLanguage\":\"en-US\",\"potentialAction\":[{\"@type\":\"ReadAction\",\"target\":[\"http:\/\/radcazopola.pl\/\"]}]},{\"@type\":\"ImageObject\",\"inLanguage\":\"en-US\",\"@id\":\"http:\/\/radcazopola.pl\/#primaryimage\",\"url\":\"https:\/\/radcazopola.pl\/wp-content\/uploads\/2025\/11\/senseed-1.png\",\"contentUrl\":\"https:\/\/radcazopola.pl\/wp-content\/uploads\/2025\/11\/senseed-1.png\",\"width\":375,\"height\":375},{\"@type\":\"BreadcrumbList\",\"@id\":\"http:\/\/radcazopola.pl\/#breadcrumb\",\"itemListElement\":[{\"@type\":\"ListItem\",\"position\":1,\"name\":\"Home\",\"item\":\"http:\/\/radcazopola.pl\/\"},{\"@type\":\"ListItem\",\"position\":2,\"name\":\"Us\u0142ugi\",\"item\":\"http:\/\/radcazopola.pl\/?page_id=48\"},{\"@type\":\"ListItem\",\"position\":3,\"name\":\"Strona g\u0142\u00f3wna\"}]},{\"@type\":\"WebSite\",\"@id\":\"http:\/\/radcazopola.pl\/#website\",\"url\":\"http:\/\/radcazopola.pl\/\",\"name\":\"Kancelaria Radcy Prawnego - Alina Lauterbach\",\"description\":\"\",\"publisher\":{\"@id\":\"http:\/\/radcazopola.pl\/#organization\"},\"potentialAction\":[{\"@type\":\"SearchAction\",\"target\":{\"@type\":\"EntryPoint\",\"urlTemplate\":\"http:\/\/radcazopola.pl\/?s={search_term_string}\"},\"query-input\":{\"@type\":\"PropertyValueSpecification\",\"valueRequired\":true,\"valueName\":\"search_term_string\"}}],\"inLanguage\":\"en-US\"},{\"@type\":\"Organization\",\"@id\":\"http:\/\/radcazopola.pl\/#organization\",\"name\":\"Kancelaria Radcy Prawnego - Alina Lauterbach\",\"url\":\"http:\/\/radcazopola.pl\/\",\"logo\":{\"@type\":\"ImageObject\",\"inLanguage\":\"en-US\",\"@id\":\"http:\/\/radcazopola.pl\/#\/schema\/logo\/image\/\",\"url\":\"https:\/\/radcazopola.pl\/wp-content\/uploads\/2025\/12\/senseed-2-1.png\",\"contentUrl\":\"https:\/\/radcazopola.pl\/wp-content\/uploads\/2025\/12\/senseed-2-1.png\",\"width\":500,\"height\":500,\"caption\":\"Kancelaria Radcy Prawnego - Alina Lauterbach \"},\"image\":{\"@id\":\"http:\/\/radcazopola.pl\/#\/schema\/logo\/image\/\"}}]}<\/script>\n<!-- \/ Yoast SEO plugin. -->","yoast_head_json":{"title":"Strona g\u0142\u00f3wna - Kancelaria Radcy Prawnego - Alina Lauterbach","description":"Prawnik z Opola \u2013 radca prawny dla os\u00f3b prywatnych i firm. Sprawy rodzinne, cywilne, pracownicze, obs\u0142uPrawnik w Opolu \u2013 radca prawny dla os\u00f3b prywatnych i firm. Rozwody, spadki, umowy, prawo pracy, ZUS, obs\u0142uga biznesu. Konsultacja 30 min \u2013 150 z\u0142. Sprawd\u017a, jak mog\u0119 pom\u00f3c.ga biznesu. Pierwsza konsultacja 150 z\u0142. Um\u00f3w si\u0119.","robots":{"index":"index","follow":"follow","max-snippet":"max-snippet:-1","max-image-preview":"max-image-preview:large","max-video-preview":"max-video-preview:-1"},"canonical":"http:\/\/radcazopola.pl\/","og_locale":"en_US","og_type":"article","og_title":"Strona g\u0142\u00f3wna - Kancelaria Radcy Prawnego - Alina Lauterbach","og_description":"Prawnik z Opola \u2013 radca prawny dla os\u00f3b prywatnych i firm. Sprawy rodzinne, cywilne, pracownicze, obs\u0142uPrawnik w Opolu \u2013 radca prawny dla os\u00f3b prywatnych i firm. Rozwody, spadki, umowy, prawo pracy, ZUS, obs\u0142uga biznesu. Konsultacja 30 min \u2013 150 z\u0142. Sprawd\u017a, jak mog\u0119 pom\u00f3c.ga biznesu. Pierwsza konsultacja 150 z\u0142. Um\u00f3w si\u0119.","og_url":"http:\/\/radcazopola.pl\/","og_site_name":"Kancelaria Radcy Prawnego - Alina Lauterbach","article_modified_time":"2026-01-22T10:34:43+00:00","og_image":[{"width":375,"height":375,"url":"http:\/\/radcazopola.pl\/wp-content\/uploads\/2025\/11\/senseed-1.png","type":"image\/png"}],"twitter_misc":{"Est. reading time":"1 minute"},"schema":{"@context":"https:\/\/schema.org","@graph":[{"@type":"WebPage","@id":"http:\/\/radcazopola.pl\/","url":"http:\/\/radcazopola.pl\/","name":"Strona g\u0142\u00f3wna - Kancelaria Radcy Prawnego - Alina Lauterbach","isPartOf":{"@id":"http:\/\/radcazopola.pl\/#website"},"primaryImageOfPage":{"@id":"http:\/\/radcazopola.pl\/#primaryimage"},"image":{"@id":"http:\/\/radcazopola.pl\/#primaryimage"},"thumbnailUrl":"https:\/\/radcazopola.pl\/wp-content\/uploads\/2025\/11\/senseed-1.png","datePublished":"2025-11-14T11:26:30+00:00","dateModified":"2026-01-22T10:34:43+00:00","description":"Prawnik z Opola \u2013 radca prawny dla os\u00f3b prywatnych i firm. Sprawy rodzinne, cywilne, pracownicze, obs\u0142uPrawnik w Opolu \u2013 radca prawny dla os\u00f3b prywatnych i firm. Rozwody, spadki, umowy, prawo pracy, ZUS, obs\u0142uga biznesu. Konsultacja 30 min \u2013 150 z\u0142. Sprawd\u017a, jak mog\u0119 pom\u00f3c.ga biznesu. Pierwsza konsultacja 150 z\u0142. Um\u00f3w si\u0119.","breadcrumb":{"@id":"http:\/\/radcazopola.pl\/#breadcrumb"},"inLanguage":"en-US","potentialAction":[{"@type":"ReadAction","target":["http:\/\/radcazopola.pl\/"]}]},{"@type":"ImageObject","inLanguage":"en-US","@id":"http:\/\/radcazopola.pl\/#primaryimage","url":"https:\/\/radcazopola.pl\/wp-content\/uploads\/2025\/11\/senseed-1.png","contentUrl":"https:\/\/radcazopola.pl\/wp-content\/uploads\/2025\/11\/senseed-1.png","width":375,"height":375},{"@type":"BreadcrumbList","@id":"http:\/\/radcazopola.pl\/#breadcrumb","itemListElement":[{"@type":"ListItem","position":1,"name":"Home","item":"http:\/\/radcazopola.pl\/"},{"@type":"ListItem","position":2,"name":"Us\u0142ugi","item":"http:\/\/radcazopola.pl\/?page_id=48"},{"@type":"ListItem","position":3,"name":"Strona g\u0142\u00f3wna"}]},{"@type":"WebSite","@id":"http:\/\/radcazopola.pl\/#website","url":"http:\/\/radcazopola.pl\/","name":"Kancelaria Radcy Prawnego - Alina Lauterbach","description":"","publisher":{"@id":"http:\/\/radcazopola.pl\/#organization"},"potentialAction":[{"@type":"SearchAction","target":{"@type":"EntryPoint","urlTemplate":"http:\/\/radcazopola.pl\/?s={search_term_string}"},"query-input":{"@type":"PropertyValueSpecification","valueRequired":true,"valueName":"search_term_string"}}],"inLanguage":"en-US"},{"@type":"Organization","@id":"http:\/\/radcazopola.pl\/#organization","name":"Kancelaria Radcy Prawnego - Alina Lauterbach","url":"http:\/\/radcazopola.pl\/","logo":{"@type":"ImageObject","inLanguage":"en-US","@id":"http:\/\/radcazopola.pl\/#\/schema\/logo\/image\/","url":"https:\/\/radcazopola.pl\/wp-content\/uploads\/2025\/12\/senseed-2-1.png","contentUrl":"https:\/\/radcazopola.pl\/wp-content\/uploads\/2025\/12\/senseed-2-1.png","width":500,"height":500,"caption":"Kancelaria Radcy Prawnego - Alina Lauterbach "},"image":{"@id":"http:\/\/radcazopola.pl\/#\/schema\/logo\/image\/"}}]}},"_links":{"self":[{"href":"https:\/\/radcazopola.pl\/index.php?rest_route=\/wp\/v2\/pages\/24","targetHints":{"allow":["GET"]}}],"collection":[{"href":"https:\/\/radcazopola.pl\/index.php?rest_route=\/wp\/v2\/pages"}],"about":[{"href":"https:\/\/radcazopola.pl\/index.php?rest_route=\/wp\/v2\/types\/page"}],"author":[{"embeddable":true,"href":"https:\/\/radcazopola.pl\/index.php?rest_route=\/wp\/v2\/users\/1"}],"replies":[{"embeddable":true,"href":"https:\/\/radcazopola.pl\/index.php?rest_route=%2Fwp%2Fv2%2Fcomments&post=24"}],"version-history":[{"count":24,"href":"https:\/\/radcazopola.pl\/index.php?rest_route=\/wp\/v2\/pages\/24\/revisions"}],"predecessor-version":[{"id":271,"href":"https:\/\/radcazopola.pl\/index.php?rest_route=\/wp\/v2\/pages\/24\/revisions\/271"}],"up":[{"embeddable":true,"href":"https:\/\/radcazopola.pl\/index.php?rest_route=\/wp\/v2\/pages\/48"}],"wp:featuredmedia":[{"embeddable":true,"href":"https:\/\/radcazopola.pl\/index.php?rest_route=\/wp\/v2\/media\/14"}],"wp:attachment":[{"href":"https:\/\/radcazopola.pl\/index.php?rest_route=%2Fwp%2Fv2%2Fmedia&parent=24"}],"curies":[{"name":"wp","href":"https:\/\/api.w.org\/{rel}","templated":true}]}}